{"id":912,"date":"2024-12-23T21:55:02","date_gmt":"2024-12-23T20:55:02","guid":{"rendered":"http:\/\/zoyou.fr\/blog\/?page_id=912"},"modified":"2025-07-10T10:34:26","modified_gmt":"2025-07-10T08:34:26","slug":"lettres-de-recommendation","status":"publish","type":"page","link":"https:\/\/zoeguillemain.fr\/index.php\/lettres-de-recommendation\/","title":{"rendered":"Lettres de recommendation"},"content":{"rendered":"\n<h3 class=\"wp-block-heading\">2025 &#8211; Syvain Adam- GE HealthCare (entreprise d&rsquo;accueil)<\/h3>\n\n\n\n<p>Volontariat International en Entreprise &#8211; gestion de projet, contact client, communication <em>(18 mois)<\/em><\/p>\n\n\n\n<figure class=\"wp-block-image size-large\"><img loading=\"lazy\" decoding=\"async\" width=\"726\" height=\"1024\" src=\"http:\/\/zoeguillemain.fr\/wp-content\/uploads\/2025\/07\/Lettre-de-recommandation-Sylvain-Adam-GE-HealthCare-726x1024.png\" alt=\"\" class=\"wp-image-1612\" srcset=\"https:\/\/zoeguillemain.fr\/wp-content\/uploads\/2025\/07\/Lettre-de-recommandation-Sylvain-Adam-GE-HealthCare-726x1024.png 726w, https:\/\/zoeguillemain.fr\/wp-content\/uploads\/2025\/07\/Lettre-de-recommandation-Sylvain-Adam-GE-HealthCare-213x300.png 213w, https:\/\/zoeguillemain.fr\/wp-content\/uploads\/2025\/07\/Lettre-de-recommandation-Sylvain-Adam-GE-HealthCare-768x1084.png 768w, https:\/\/zoeguillemain.fr\/wp-content\/uploads\/2025\/07\/Lettre-de-recommandation-Sylvain-Adam-GE-HealthCare.png 1063w\" sizes=\"auto, (max-width: 726px) 100vw, 726px\" \/><\/figure>\n\n\n\n<p>\ud83d\udc49 <em><a href=\"http:\/\/zoeguillemain.fr\/index.php\/2025\/07\/10\/lettre-de-recommandation-ge-healthcare\/\" data-type=\"link\" data-id=\"http:\/\/zoeguillemain.fr\/index.php\/2022\/12\/29\/lettre-de-recommandation-zu-le-guide\/\" target=\"_blank\" rel=\"noreferrer noopener\">voir le d\u00e9tail<\/a><\/em><\/p>\n\n\n\n<h3 class=\"wp-block-heading\">2025 &#8211; St\u00e9phane Hulard &#8211; CH Studio (entreprise mandataire)<\/h3>\n\n\n\n<p>Volontariat International en Entreprise &#8211; gestion de projet, contact client, communication <em>(18 mois)<\/em><\/p>\n\n\n\n<figure class=\"wp-block-image size-full\"><img loading=\"lazy\" decoding=\"async\" width=\"667\" height=\"1000\" src=\"http:\/\/zoeguillemain.fr\/wp-content\/uploads\/2025\/05\/20250520-Lettre-Recommandation-Zoe-Guillemain-Stephane-Hulard.png\" alt=\"\" class=\"wp-image-1590\" srcset=\"https:\/\/zoeguillemain.fr\/wp-content\/uploads\/2025\/05\/20250520-Lettre-Recommandation-Zoe-Guillemain-Stephane-Hulard.png 667w, https:\/\/zoeguillemain.fr\/wp-content\/uploads\/2025\/05\/20250520-Lettre-Recommandation-Zoe-Guillemain-Stephane-Hulard-200x300.png 200w\" sizes=\"auto, (max-width: 667px) 100vw, 667px\" \/><\/figure>\n\n\n\n<p>\ud83d\udc49 <em><a href=\"http:\/\/zoeguillemain.fr\/index.php\/2025\/05\/26\/lettre-de-recommendation-ch-studio\/\" data-type=\"link\" data-id=\"http:\/\/zoeguillemain.fr\/index.php\/2022\/12\/29\/lettre-de-recommandation-zu-le-guide\/\" target=\"_blank\" rel=\"noreferrer noopener\">voir le d\u00e9tail<\/a><\/em><\/p>\n\n\n\n<h3 class=\"wp-block-heading\">2023 &#8211; Fr\u00e9d\u00e9rique Lorentz &#8211; ADP<\/h3>\n\n\n\n<p>Alternance &#8211; community management, campagnes de communication, cr\u00e9ation audiovisuelle, organisation \u00e9v\u00e9nementiel, gestion de projet <em>(2 ans)<\/em><\/p>\n\n\n\n<figure class=\"wp-block-image size-full\"><a href=\"http:\/\/zoeguillemain.fr\/wp-content\/uploads\/2025\/02\/lettre-de-recommandation-Frederique-Lorentz-ADP.pdf\" target=\"_blank\" rel=\" noreferrer noopener\"><img loading=\"lazy\" decoding=\"async\" width=\"700\" height=\"1000\" src=\"http:\/\/zoeguillemain.fr\/wp-content\/uploads\/2025\/02\/lettre-de-recommandation-Frederique-Lorentz-ADP.png\" alt=\"\" class=\"wp-image-1361\" srcset=\"https:\/\/zoeguillemain.fr\/wp-content\/uploads\/2025\/02\/lettre-de-recommandation-Frederique-Lorentz-ADP.png 700w, https:\/\/zoeguillemain.fr\/wp-content\/uploads\/2025\/02\/lettre-de-recommandation-Frederique-Lorentz-ADP-210x300.png 210w\" sizes=\"auto, (max-width: 700px) 100vw, 700px\" \/><\/a><\/figure>\n\n\n\n<p>\ud83d\udc49 <em><a href=\"http:\/\/zoeguillemain.fr\/index.php\/2025\/02\/19\/lettre-de-recommendation-adp\/\" data-type=\"link\" data-id=\"http:\/\/zoeguillemain.fr\/index.php\/2022\/12\/29\/lettre-de-recommandation-zu-le-guide\/\" target=\"_blank\" rel=\"noreferrer noopener\">voir le d\u00e9tail<\/a><\/em><\/p>\n\n\n\n<h3 class=\"wp-block-heading\">2021 &#8211; Myriam La Selve &#8211; Z\u00f9 le guide<\/h3>\n\n\n\n<p>Stage puis travail en freelance &#8211; r\u00e9daction web, optimisation SEO, cr\u00e9ation audiovisuelle <em>(18 mois)<\/em><\/p>\n\n\n\n<figure class=\"wp-block-image aligncenter\"><img decoding=\"async\" src=\"http:\/\/zoyou.fr\/blog\/wp-content\/uploads\/2022\/12\/2022-12-29-09_19_41-7-Zo%C3%A9-Guillemain-_-LinkedIn-%E2%80%94-Mozilla-Firefox.png\" alt=\"http:\/\/zoyou.fr\/blog\/wp-content\/uploads\/2022\/12\/2022-12-29-09_19_41-7-Zo%C3%A9-Guillemain-_-LinkedIn-%E2%80%94-Mozilla-Firefox.png\"\/><\/figure>\n\n\n\n<p><\/p>\n\n\n\n<p>\ud83d\udc49 <a href=\"http:\/\/zoeguillemain.fr\/index.php\/2022\/12\/29\/lettre-de-recommandation-zu-le-guide\/\" data-type=\"link\" data-id=\"http:\/\/zoeguillemain.fr\/index.php\/2022\/12\/29\/lettre-de-recommandation-zu-le-guide\/\" target=\"_blank\" rel=\"noreferrer noopener\"><em>voir le d\u00e9tail<\/em><\/a><\/p>\n\n\n\n<hr class=\"wp-block-separator has-alpha-channel-opacity\"\/>\n\n\n\n<h3 class=\"wp-block-heading\">2019 &#8211; Julien Feugeas &#8211; Shakabay<\/h3>\n\n\n\n<p>Stage &#8211; r\u00e9daction web, traduction, optimisation SEO <em>(5 semaines)<\/em><\/p>\n\n\n\n<figure class=\"wp-block-image aligncenter\"><img decoding=\"async\" src=\"http:\/\/zoyou.fr\/blog\/wp-content\/uploads\/2019\/11\/Lettre_recommendation_Zo%C3%A9_G-Shakabay-768x957.png\" alt=\"http:\/\/zoyou.fr\/blog\/wp-content\/uploads\/2019\/11\/Lettre_recommendation_Zo%C3%A9_G-Shakabay-768x957.png\"\/><\/figure>\n\n\n\n<p>\ud83d\udc49 <em><a href=\"http:\/\/zoeguillemain.fr\/index.php\/2019\/11\/08\/lettre-de-recommandation-shakabay\/\" data-type=\"link\" data-id=\"http:\/\/zoeguillemain.fr\/index.php\/2022\/12\/29\/lettre-de-recommandation-zu-le-guide\/\" target=\"_blank\" rel=\"noreferrer noopener\">voir le d\u00e9tail<\/a><\/em><\/p>\n\n\n\n<hr class=\"wp-block-separator has-alpha-channel-opacity\"\/>\n\n\n\n<h3 class=\"wp-block-heading\">2018 &#8211; Laure Pichereau &#8211; SiVIEW<\/h3>\n\n\n\n<p>Prestation freelance &#8211; Motion design<\/p>\n\n\n\n<blockquote class=\"wp-block-quote is-layout-flow wp-block-quote-is-layout-flow\">\n<p>J\u2019ai fait appel \u00e0 Zo\u00e9 pour ce film motion design avec une id\u00e9e bien pr\u00e9cise de ce que je souhaitais, et j\u2019ai \u00e9t\u00e9 tr\u00e8s impressionn\u00e9e par son professionnalisme tant dans l\u2019approche rigoureuse en amont afin de d\u00e9finir de fa\u00e7on claire le sc\u00e9nario, les personnages, les visuels, les plans etc, que dans sa r\u00e9alisation.<\/p>\n\n\n\n<p>Le r\u00e9sultat obtenu est tout \u00e0 fait conforme \u00e0 nos \u00e9changes et d\u00e9passe largement mes esp\u00e9rances en terme de rendu. Ce travail r\u00e9alis\u00e9 par Zo\u00e9 n\u2019aurait pas \u00e9t\u00e9 mieux r\u00e9alis\u00e9 par un professionnel, et il permet d\u2019appr\u00e9hender d\u00e9j\u00e0 un r\u00e9el talent dans le domaine de l\u2019animation, de la cr\u00e9ation et une approche tr\u00e8s prometteuse de la gestion de projet.<\/p>\n<\/blockquote>\n\n\n\n<p>\ud83d\udc49 <em><a href=\"http:\/\/zoeguillemain.fr\/index.php\/2019\/06\/02\/lettre-de-recommandation-siview\/\" target=\"_blank\" rel=\"noreferrer noopener\">voir le d\u00e9tail<\/a><\/em><\/p>\n\n\n\n<hr class=\"wp-block-separator has-alpha-channel-opacity\"\/>\n\n\n\n<h3 class=\"wp-block-heading\">2018 &#8211; J\u00e9r\u00f4me Perderiset &#8211; N\u00e9oVision<\/h3>\n\n\n\n<p>CDD puis stage &#8211; montage de lunettes, vente et contact commercial, actions marketing <em>(2 mois)<\/em><\/p>\n\n\n\n<figure class=\"wp-block-image aligncenter\"><img decoding=\"async\" src=\"http:\/\/zoyou.fr\/blog\/wp-content\/uploads\/2024\/12\/reco-jerome-perderiset-neovision.png\" alt=\"\" class=\"wp-image-917\"\/><\/figure>\n\n\n\n<p><\/p>\n\n\n\n<p>\ud83d\udc49 <em><a href=\"http:\/\/zoeguillemain.fr\/index.php\/2018\/11\/28\/lettre-de-recommandation\/\" target=\"_blank\" rel=\"noreferrer noopener\">voir le d\u00e9tail<\/a><\/em><\/p>\n\n\n\n<p><\/p>\n","protected":false},"excerpt":{"rendered":"<p>2025 &#8211; Syvain Adam- GE HealthCare (entreprise d&rsquo;accueil) Volontariat International en Entreprise &#8211; gestion de projet, contact client, communication (18 mois) \ud83d\udc49 voir le d\u00e9tail 2025 &#8211; St\u00e9phane Hulard &#8211; CH Studio (entreprise mandataire) Volontariat International en Entreprise &#8211; gestion de projet, contact client, communication (18 mois) \ud83d\udc49 voir le d\u00e9tail 2023 &#8211; Fr\u00e9d\u00e9rique Lorentz [&hellip;]<\/p>\n","protected":false},"author":1,"featured_media":0,"parent":0,"menu_order":0,"comment_status":"closed","ping_status":"closed","template":"","meta":{"footnotes":""},"class_list":["post-912","page","type-page","status-publish","hentry"],"_links":{"self":[{"href":"https:\/\/zoeguillemain.fr\/index.php\/wp-json\/wp\/v2\/pages\/912","targetHints":{"allow":["GET"]}}],"collection":[{"href":"https:\/\/zoeguillemain.fr\/index.php\/wp-json\/wp\/v2\/pages"}],"about":[{"href":"https:\/\/zoeguillemain.fr\/index.php\/wp-json\/wp\/v2\/types\/page"}],"author":[{"embeddable":true,"href":"https:\/\/zoeguillemain.fr\/index.php\/wp-json\/wp\/v2\/users\/1"}],"replies":[{"embeddable":true,"href":"https:\/\/zoeguillemain.fr\/index.php\/wp-json\/wp\/v2\/comments?post=912"}],"version-history":[{"count":11,"href":"https:\/\/zoeguillemain.fr\/index.php\/wp-json\/wp\/v2\/pages\/912\/revisions"}],"predecessor-version":[{"id":1618,"href":"https:\/\/zoeguillemain.fr\/index.php\/wp-json\/wp\/v2\/pages\/912\/revisions\/1618"}],"wp:attachment":[{"href":"https:\/\/zoeguillemain.fr\/index.php\/wp-json\/wp\/v2\/media?parent=912"}],"curies":[{"name":"wp","href":"https:\/\/api.w.org\/{rel}","templated":true}]}}